{"id":88,"date":"2021-05-26T21:26:10","date_gmt":"2021-05-26T21:26:10","guid":{"rendered":"http:\/\/bimzator.pl\/?page_id=88"},"modified":"2021-05-30T19:20:29","modified_gmt":"2021-05-30T19:20:29","slug":"bim","status":"publish","type":"page","link":"https:\/\/bimzator.pl\/index.php\/bim\/","title":{"rendered":"BIM"},"content":{"rendered":"\n<p><strong><em>Co to jest BIM ?<\/em><\/strong><\/p>\n\n\n\n<p>Building Information Modelling czyli modelowanie i zarz\u0105dzanie informacj\u0105 o obiekcie budowlanym podczas ca\u0142ego cyklu jego \u017cycia, tzn. od etapu wczesnej koncepcji a\u017c do jego wyburzenia. Jest to cyfrowa reprezentacja w\u0142a\u015bciwo\u015bci fizycznych i funkcjonalnych obiektu.<\/p>\n\n\n\n<p>Podstawow\u0105 przes\u0142ank\u0105 BIM jest szeroko poj\u0119ta wsp\u00f3\u0142praca zaanga\u017cowanych stron na r\u00f3\u017cnych etapach cyklu \u017cycia obiektu w celu uzupe\u0142niania, wydobywania, aktualizowania lub edytowania informacji. Dost\u0119pno\u015b\u0107 tych informacji u\u0142atwia i usprawnia proces podejmowania decyzji oraz ich egzekwowania. BIM wprowadzony do projektu, w zale\u017cno\u015bci od perspektywy zapewnia:<\/p>\n\n\n\n<ul><li>sprawne zarz\u0105dzanie informacj\u0105, przekazywanie i udost\u0119pnianie danych wszystkim uczestnikom projektu,<\/li><li>interoperacyjno\u015b\u0107 procesu realizacji projektu, okre\u015blaj\u0105c\u0105 spos\u00f3b dzia\u0142ania poszczeg\u00f3lnych zespo\u0142\u00f3w wsp\u00f3\u0142pracuj\u0105cych ze sob\u0105, w celu opracowania, zaprojektowania, zbudowania oraz obs\u0142ugi obiektu,<\/li><li>zintegrowane rozwi\u0105zania technologiczne wykorzystuj\u0105ce projektowanie, zach\u0119caj\u0105ce do kreatywno\u015bci oraz zapewniaj\u0105ce wi\u0119cej informacji zwrotnych.&nbsp;<\/li><\/ul>\n\n\n\n<p>W pilota\u017cowym projekcie budowy obwodnicy Zatora, plan wykonania BIM (BEP) jest dokumentem przewodnim w zakresie zarz\u0105dzania informacj\u0105 na etapie projektowania dla ca\u0142ego personelu zaanga\u017cowanego w opracowanie dokumentacji projektowej i dokumentacji BIM dla budowy obwodnicy Zatora.<\/p>\n\n\n\n<p>W BEP okre\u015blono strategi\u0119, zakres odpowiedzialno\u015bci, obowi\u0105zki, struktur\u0119, standardy i procedury dla proces\u00f3w wymiany i zarz\u0105dzania informacj\u0105 wymaganych do pomy\u015blnej realizacji projektu w technologii BIM.<\/p>\n\n\n\n<p><strong>BIM \u2013 jak\u0105 mamy z niego korzy\u015b\u0107.<\/strong><\/p>\n\n\n\n<p>Projekt BIM charakteryzuje si\u0119 \u015bcis\u0142\u0105 wsp\u00f3\u0142prac\u0105 pomi\u0119dzy stronami projektu podczas jego trwania. Zdecydowanie poprawia to wsp\u00f3\u0142prac\u0119 pomi\u0119dzy Wykonawc\u0105 a Inwestorem. Stworzenie modelu 3D oraz koordynacja mi\u0119dzybran\u017cowa pozwala na znaczne ograniczenie b\u0142\u0119d\u00f3w projektowych, ci\u0119\u017ckich do wykrycia w tradycyjnym projekcie. Poprawnie zamodelowane obiekty 3D w pe\u0142ni odzwierciedlaj\u0105 rzeczywist\u0105 konstrukcj\u0119, co pozwala na jednoznaczn\u0105 interpretacj\u0119 przez wszystkie strony bior\u0105ce udzia\u0142 w projekcie. Widoki, rzuty generowane automatycznie s\u0105 w pe\u0142ni interaktywne. Ka\u017cda wprowadzona zmiana natychmiast zostaje zaktualizowana we wszystkich rysunkach. Informacja jak\u0105 nasycane s\u0105 obiekty jest \u0142atwo dost\u0119pna bezpo\u015brednio z modelu, co pozwala zaoszcz\u0119dzi\u0107 czas na przedostawanie si\u0119 przez stosy tradycyjnej dokumentacji w celu ich uzyskania.<\/p>\n\n\n\n<p><strong>Cele BIM w projekcie Zator:<\/strong><\/p>\n\n\n\n<p>Sweco wype\u0142nia wszystkie cele oraz wymogi, ustanowione przez Zamawiaj\u0105cego w Tomie V Wymagania Informacyjne Zamawiaj\u0105cego (EIR) oraz wynikaj\u0105ce z zobowi\u0105za\u0144 Wykonawcy z\u0142o\u017conych w ramach procedury ubiegania si\u0119 o udzielenie zam\u00f3wienia publicznego.<\/p>\n\n\n\n<figure class=\"wp-block-table\"><table><thead><tr><td><strong>Nr<\/strong><\/td><td><strong>Cel<\/strong><\/td><td><strong>Korzy\u015bci<\/strong><\/td><\/tr><\/thead><tbody><tr><td>1<\/td><td>Standaryzacja nazewnictwa plik\u00f3w.<\/td><td>Zapewnia sp\u00f3jno\u015b\u0107 nazw stosowanych w projekcie i gwarantuje, \u017ce zawieraj\u0105 wszystkie wymagane informacje. Zapewnia porz\u0105dek w projekcie.<\/td><\/tr><tr><td>2<\/td><td>Zastosowanie CDE Wykonawcy jako repozytorium plik\u00f3w Projektu Pilota\u017cowego.<\/td><td>Zapewnia bezpiecze\u0144stwo danych. U\u0142atwia dost\u0119pno\u015b\u0107 projektu dla Zamawiaj\u0105cego a co za tym idzie kontrol\u0119 post\u0119pu prac.<\/td><\/tr><tr><td>3<\/td><td>Zastosowanie platformy CDE jako platformy komunikacji mi\u0119dzy Zamawiaj\u0105cym i Wykonawc\u0105 w zakresie procedur: procedura zatwierdzania dokumentacji projektowej, procedura zatwierdzania miesi\u0119cznych raport\u00f3w z post\u0119pu prac, procedura zatwierdzania wniosku o wydanie decyzji o zezwoleniu na realizacj\u0119 inwestycji drogowej, procedura zatwierdzania notatek z Rad Technicznych, Rad Projektu, posiedze\u0144 ZOPI\/KOPI, przegl\u0105d\u00f3w opracowa\u0144 projektowych.<\/td><td>Usprawnia procedowanie dokumentacji oraz zwi\u0119ksza kontrol\u0119 jej kompletno\u015bci. W przypadku ograniczenia si\u0119 tylko do elektronicznego obiegu informacji i zatwierdzania jest r\u00f3wnie\u017c przyjazne dla \u015brodowiska.<\/td><\/tr><tr><td>4<\/td><td>Projektowanie w technologii BIM oraz przekazywanie informacji projektowej na podstawie modelu.<\/td><td>Redukuje koszty projektowania r\u00f3wnocze\u015bnie podwy\u017cszaj\u0105c jako\u015b\u0107 projektu. Minimalizuje utrat\u0119 informacji. Pozwala na rozw\u00f3j osobisty os\u00f3b pracuj\u0105cych przy projekcie. Przygotowuje model do wykorzystania w kolejnych etapach inwestycji.<\/td><\/tr><tr><td>5<\/td><td>Zastosowanie projektowania BIM do wykonania przedmiaru obiekt\u00f3w drogowych i in\u017cynierskich na podstawie modelu.<\/td><td>Poprawia dok\u0142adno\u015b\u0107 przedmiaru i pozwala na oszcz\u0119dno\u015b\u0107 czasu.<\/td><\/tr><tr><td>6<\/td><td>Dost\u0119p Zamawiaj\u0105cego do informacji projektowej wykonanej w technologii 3D i BIM.<\/td><td>Poprawia \u015bwiadomo\u015b\u0107 przebiegu procesu, decyzyjno\u015b\u0107. Wspomaga wizualizacj\u0119 projektu.<\/td><\/tr><tr><td>7<\/td><td>Przygotowanie przez Wykonawc\u0119, na pocz\u0105tku prac projektowych, modelu inwentaryzacyjnego istniej\u0105cej infrastruktury odpowiadaj\u0105cego zawarto\u015bci opracowanej w ramach Umowy mapy do cel\u00f3w projektowych, w celu weryfikacji po\u0142o\u017cenia element\u00f3w istniej\u0105cej infrastruktury technicznej oraz przeprowadzenia procesu projektowego.<\/td><td>Pozwala na wykluczenie wi\u0119kszo\u015bci kolizji na etapie projektu i w zwi\u0105zku z tym oszcz\u0119dno\u015b\u0107 czasu i \u015brodk\u00f3w finansowych na etapie budowy.<\/td><\/tr><tr><td>8<\/td><td>Standaryzacja nazewnictwa kontener\u00f3w informacji zgodnie z PN-EN ISO 19650-1 i PN-EN ISO 19650-2.<\/td><td>Zapewnia sp\u00f3jno\u015b\u0107 opracowania i porz\u0105dek w projekcie czym poprawia komfort pracy.&nbsp;<\/td><\/tr><tr><td>9<\/td><td>Prowadzenie Rad Technicznych, Rad Projektu, posiedze\u0144 ZOPI\/KOPI, przegl\u0105d\u00f3w opracowa\u0144 projektowych w oparciu o modele BIM.<\/td><td>Czytelna wizualizacja efekt\u00f3w pracy oraz osi\u0105gania cel\u00f3w projektu.&nbsp;<\/td><\/tr><tr><td>10<\/td><td>Zastosowanie platformy CDE jako platformy komunikacji mi\u0119dzy Zamawiaj\u0105cym i Wykonawc\u0105 w wybranych procesach przekazywania i akceptacji informacji.<\/td><td>Up\u0142ynnia proces wymiany informacji oraz pozwala na kontrol\u0119 jej przep\u0142ywu. W przypadku ograniczenia si\u0119 tylko do elektronicznego obiegu informacji jest r\u00f3wnie\u017c przyjazne dla \u015brodowiska.<\/td><\/tr><tr><td>11<\/td><td>Opracowanie harmonogramu realizacji rob\u00f3t budowlanych z wykorzystaniem modelu BIM obiekt\u00f3w drogowych i obiekt\u00f3w in\u017cynierskich.<\/td><td>Identyfikacja i rozwi\u0105zanie problem\u00f3w ju\u017c podczas planowania etapu budowy. Synchronizacja prac, dodatkowe analizy, mo\u017cliwo\u015b\u0107 wizualizacji \u015bcie\u017cki krytycznej projektu w czasie rzeczywistym. Rozw\u00f3j pracownik\u00f3w.<\/td><\/tr><tr><td>12<\/td><td>Zastosowanie projektowania BIM do wykonania przedmiaru obiekt\u00f3w in\u017cynierskich na podstawie modelu z dok\u0142adno\u015bci\u0105 opisan\u0105 w pkt. 7.4.2 EIR.<\/td><td>Poprawia dok\u0142adno\u015b\u0107 przedmiaru i pozwala na oszcz\u0119dno\u015b\u0107 czasu.<\/td><\/tr><\/tbody><\/table><\/figure>\n","protected":false},"excerpt":{"rendered":"<p>Co to jest BIM ? Building Information Modelling czyli modelowanie i zarz\u0105dzanie informacj\u0105 o obiekcie budowlanym podczas ca\u0142ego cyklu jego \u017cycia, tzn. od etapu wczesnej koncepcji a\u017c do jego wyburzenia. [&#8230;]<\/p>\n<p><a rel=\"bookmark\" class=\"more-link button\" href=\"https:\/\/bimzator.pl\/index.php\/bim\/\">Continue reading &rarr;<\/a><\/p>\n","protected":false},"author":1,"featured_media":0,"parent":0,"menu_order":0,"comment_status":"closed","ping_status":"closed","template":"page-templates\/page-with-sidebar.php","meta":[],"_links":{"self":[{"href":"https:\/\/bimzator.pl\/index.php\/wp-json\/wp\/v2\/pages\/88"}],"collection":[{"href":"https:\/\/bimzator.pl\/index.php\/wp-json\/wp\/v2\/pages"}],"about":[{"href":"https:\/\/bimzator.pl\/index.php\/wp-json\/wp\/v2\/types\/page"}],"author":[{"embeddable":true,"href":"https:\/\/bimzator.pl\/index.php\/wp-json\/wp\/v2\/users\/1"}],"replies":[{"embeddable":true,"href":"https:\/\/bimzator.pl\/index.php\/wp-json\/wp\/v2\/comments?post=88"}],"version-history":[{"count":3,"href":"https:\/\/bimzator.pl\/index.php\/wp-json\/wp\/v2\/pages\/88\/revisions"}],"predecessor-version":[{"id":173,"href":"https:\/\/bimzator.pl\/index.php\/wp-json\/wp\/v2\/pages\/88\/revisions\/173"}],"wp:attachment":[{"href":"https:\/\/bimzator.pl\/index.php\/wp-json\/wp\/v2\/media?parent=88"}],"curies":[{"name":"wp","href":"https:\/\/api.w.org\/{rel}","templated":true}]}}